{"id":1079,"date":"2015-07-29T13:44:44","date_gmt":"2015-07-29T13:44:44","guid":{"rendered":"https:\/\/blockart-agency.sites.qsandbox.com\/?page_id=4"},"modified":"2026-03-23T10:22:28","modified_gmt":"2026-03-23T10:22:28","slug":"home-2","status":"publish","type":"page","link":"https:\/\/eliteinvestigacao.com.br\/","title":{"rendered":"Home"},"content":{"rendered":"\n<div class=\"blockart-section blockart-section-3274e693\"><div class=\"blockart-container\"><div class=\"blockart-section-inner\">\n<div class=\"blockart-column blockart-column-5c451749\"><div class=\"blockart-column-inner\">\n<h1 class=\"blockart-heading blockart-heading-715dd37b\">Precisando de Detetive?<\/h1>\n\n\n\n<p class=\"blockart-paragraph blockart-paragraph-1ad4af93\">Solucionamos com intelig\u00eancia e discri\u00e7\u00e3o. Com mais de 20 anos de experi\u00eancia, estamos prontos para solucionar o seu caso!<\/p>\n\n\n\n<div class=\"blockart-buttons blockart-buttons-cc6ab35a is-wrap justify-center-sm\">\n<div class=\"blockart-button blockart-button-73e2d9d7 \"><a class=\"blockart-button-link is-custom is-style-filled\" href=\"https:\/\/api.whatsapp.com\/send\/?phone=5561981623873\">atendimento whatsapp<\/a><\/div>\n<\/div>\n<\/div><\/div>\n\n\n\n<div class=\"blockart-column blockart-column-717e808b\"><div class=\"blockart-column-inner\">\n<figure class=\"blockart-image blockart-image-6f3ae846\"><img loading=\"lazy\" decoding=\"async\" class=\"wp-image-1205 hover-effect-static filter-none mask mask-none\" src=\"https:\/\/eliteinvestigacao.com.br\/wp-content\/uploads\/2026\/03\/logoelitedetetive.png\" alt=\"\" height=\"1024\" width=\"1024\" srcset=\"https:\/\/eliteinvestigacao.com.br\/wp-content\/uploads\/2026\/03\/logoelitedetetive.png 1024w, https:\/\/eliteinvestigacao.com.br\/wp-content\/uploads\/2026\/03\/logoelitedetetive-300x300.png 300w, https:\/\/eliteinvestigacao.com.br\/wp-content\/uploads\/2026\/03\/logoelitedetetive-150x150.png 150w, https:\/\/eliteinvestigacao.com.br\/wp-content\/uploads\/2026\/03\/logoelitedetetive-768x768.png 768w\" sizes=\"auto, (max-width: 1024px) 100vw, 1024px\" \/><\/figure>\n<\/div><\/div>\n<\/div><\/div><\/div>\n\n\n\n<div class=\"blockart-section blockart-section-ca3b7b9f\"><div class=\"blockart-container-fluid\"><div class=\"blockart-section-inner\">\n<div class=\"blockart-column blockart-column-8ce01542\"><div class=\"blockart-column-inner\">\n<figure class=\"blockart-image blockart-image-9a37870e\"><img loading=\"lazy\" decoding=\"async\" class=\"wp-image-85 hover-effect-static filter-none mask mask-none\" src=\"https:\/\/zakrademos.com\/agency-03\/wp-content\/uploads\/sites\/102\/2021\/12\/icon-idea.png\" alt=\"\" height=\"65\" width=\"64\"\/><\/figure>\n\n\n\n<h2 class=\"blockart-heading blockart-heading-2276db7c\">conjugal<\/h2>\n<\/div><\/div>\n\n\n\n<div class=\"blockart-column blockart-column-4f83a669\"><div class=\"blockart-column-inner\">\n<figure class=\"blockart-image blockart-image-4b27d419\"><img loading=\"lazy\" decoding=\"async\" class=\"wp-image-81 hover-effect-static filter-none mask mask-none\" src=\"https:\/\/zakrademos.com\/agency-03\/wp-content\/uploads\/sites\/102\/2021\/12\/icon-research.png\" alt=\"\" height=\"64\" width=\"65\"\/><\/figure>\n\n\n\n<h2 class=\"blockart-heading blockart-heading-7762735e\">localiza\u00e7\u00e3o<\/h2>\n<\/div><\/div>\n\n\n\n<div class=\"blockart-column blockart-column-e090615f\"><div class=\"blockart-column-inner\">\n<figure class=\"blockart-image blockart-image-1db335ff\"><img loading=\"lazy\" decoding=\"async\" class=\"wp-image-80 hover-effect-static filter-none mask mask-none\" src=\"https:\/\/zakrademos.com\/agency-03\/wp-content\/uploads\/sites\/102\/2021\/12\/icon-pixel-perfect.png\" alt=\"\" height=\"67\" width=\"66\"\/><\/figure>\n\n\n\n<h2 class=\"blockart-heading blockart-heading-e868582c\">digital<\/h2>\n<\/div><\/div>\n\n\n\n<div class=\"blockart-column blockart-column-71394df3\"><div class=\"blockart-column-inner\">\n<figure class=\"blockart-image blockart-image-1460ab37\"><img loading=\"lazy\" decoding=\"async\" class=\"wp-image-82 hover-effect-static filter-none mask mask-none\" src=\"https:\/\/zakrademos.com\/agency-03\/wp-content\/uploads\/sites\/102\/2021\/12\/icon-seo-friendly.png\" alt=\"\" height=\"66\" width=\"64\"\/><\/figure>\n\n\n\n<h2 class=\"blockart-heading blockart-heading-e08baca8\">empresas<\/h2>\n<\/div><\/div>\n\n\n\n<div class=\"blockart-column blockart-column-8c1f2a27\"><div class=\"blockart-column-inner\">\n<figure class=\"blockart-image blockart-image-fe57d899\"><img loading=\"lazy\" decoding=\"async\" class=\"wp-image-84 hover-effect-static filter-none mask mask-none\" src=\"https:\/\/zakrademos.com\/agency-03\/wp-content\/uploads\/sites\/102\/2021\/12\/icon-design.png\" alt=\"\" height=\"64\" width=\"67\"\/><\/figure>\n\n\n\n<h2 class=\"blockart-heading blockart-heading-e126d413\">criminal<\/h2>\n<\/div><\/div>\n\n\n\n<div class=\"blockart-column blockart-column-b9af5683\"><div class=\"blockart-column-inner\">\n<figure class=\"blockart-image blockart-image-1886d445\"><img loading=\"lazy\" decoding=\"async\" class=\"wp-image-83 hover-effect-static filter-none mask mask-none\" src=\"https:\/\/zakrademos.com\/agency-03\/wp-content\/uploads\/sites\/102\/2021\/12\/icon-support.png\" alt=\"\" height=\"64\" width=\"66\"\/><\/figure>\n\n\n\n<h2 class=\"blockart-heading blockart-heading-caca05f3\">monitoramento<\/h2>\n<\/div><\/div>\n<\/div><\/div><\/div>\n\n\n\n<div class=\"blockart-section blockart-section-2636e827\"><div class=\"blockart-container\"><div class=\"blockart-section-inner\">\n<div class=\"blockart-column blockart-column-c8fa061e\"><div class=\"blockart-column-inner\">\n<figure class=\"blockart-image blockart-image-22183819\"><img loading=\"lazy\" decoding=\"async\" width=\"832\" height=\"762\" class=\"wp-image-1321 hover-effect-static filter-none mask mask-none\" src=\"https:\/\/eliteinvestigacao.com.br\/wp-content\/uploads\/2026\/03\/eliteinvestiga10-1.png\" alt=\"\" srcset=\"https:\/\/eliteinvestigacao.com.br\/wp-content\/uploads\/2026\/03\/eliteinvestiga10-1.png 832w, https:\/\/eliteinvestigacao.com.br\/wp-content\/uploads\/2026\/03\/eliteinvestiga10-300x275.png 300w, https:\/\/eliteinvestigacao.com.br\/wp-content\/uploads\/2026\/03\/eliteinvestiga10-768x703.png 768w, https:\/\/eliteinvestigacao.com.br\/wp-content\/uploads\/2026\/03\/eliteinvestiga10-599x549.png 599w\" sizes=\"auto, (max-width: 832px) 100vw, 832px\" \/><\/figure>\n<\/div><\/div>\n\n\n\n<div class=\"blockart-column blockart-column-0d62a340\"><div class=\"blockart-column-inner\">\n<h2 class=\"blockart-heading blockart-heading-f75800de\">Somos detetives experi\u00eantes e profissionais!<\/h2>\n\n\n\n<p class=\"blockart-paragraph blockart-paragraph-89caf5ae\">Com mais de 20 anos atuando no mercado de DETETIVE somos especializados em servi\u00e7os que atua com total sigilo, profissionalismo e \u00e9tica, oferecendo solu\u00e7\u00f5es r\u00e1pidas e eficazes para pessoas f\u00edsicas e empresas que necessitam esclarecer d\u00favidas, reunir provas e obter informa\u00e7\u00f5es confi\u00e1veis em casos como conjugais, localiza\u00e7\u00e3o de pessoas, verifica\u00e7\u00e3o de antecedentes, fraudes, acompanhamento e monitoramento, utilizando t\u00e9cnicas modernas, tecnologia avan\u00e7ada e uma equipe experiente comprometida em entregar resultados precisos, sempre respeitando a lei e garantindo a confidencialidade absoluta de cada cliente.<\/p>\n\n\n\n<p class=\"blockart-paragraph blockart-paragraph-5884ef8b\">O detetive particular \u00e9 o profissional respons\u00e1vel por analisar fatos de forma discreta, estrat\u00e9gica e legal, reunindo provas e informa\u00e7\u00f5es confi\u00e1veis para esclarecer situa\u00e7\u00f5es pessoais, familiares ou empresariais, sendo essencial quando h\u00e1 d\u00favidas, suspeitas ou necessidade de evid\u00eancias concretas para tomada de decis\u00f5es seguras e fundamentadas.<\/p>\n<\/div><\/div>\n<\/div><\/div><\/div>\n\n\n\n<div class=\"blockart-section blockart-section-f972e8b1\"><div class=\"blockart-container\"><div class=\"blockart-section-inner\">\n<div class=\"blockart-column blockart-column-fa5a068c\"><div class=\"blockart-column-inner\"><\/div><\/div>\n\n\n\n<div class=\"blockart-column blockart-column-16b99b14\"><div class=\"blockart-column-inner\">\n<h2 class=\"blockart-heading blockart-heading-26a93908\">&#8220;Uma vez eliminado o imposs\u00edvel, o que restar, n\u00e3o importa o qu\u00e3o improv\u00e1vel, deve ser a verdade&#8221;.<\/h2>\n\n\n\n<p class=\"blockart-paragraph blockart-paragraph-971d61ae\">N\u00e3o deixe para depois, descubra hoje mesmo o que est\u00e1 acontecendo. <\/p>\n<\/div><\/div>\n\n\n\n<div class=\"blockart-column blockart-column-8b477d87\"><div class=\"blockart-column-inner\"><\/div><\/div>\n<\/div><\/div><\/div>\n\n\n\n<div class=\"blockart-section blockart-section-cd33f423\"><div class=\"blockart-container\"><div class=\"blockart-section-inner\">\n<div class=\"blockart-column blockart-column-f68eb99e\"><div class=\"blockart-column-inner\"><\/div><\/div>\n\n\n\n<div class=\"blockart-column blockart-column-fd84efa4\"><div class=\"blockart-column-inner\">\n<h2 class=\"blockart-heading blockart-heading-19bfe100\">Servi\u00e7os Prestados<\/h2>\n\n\n\n<p class=\"blockart-paragraph blockart-paragraph-9e7a7909\">Estamos prontao para solucionar seus problemas com t\u00e9cnica avan\u00e7adas e tecnol\u00f3gicas<\/p>\n<\/div><\/div>\n\n\n\n<div class=\"blockart-column blockart-column-b7b86a36\"><div class=\"blockart-column-inner\"><\/div><\/div>\n<\/div><\/div><\/div>\n\n\n\n<div class=\"blockart-section blockart-section-1b4fd585\"><div class=\"blockart-container\"><div class=\"blockart-section-inner\">\n<div class=\"blockart-column blockart-column-ad5138a4\"><div class=\"blockart-column-inner\">\n<figure class=\"blockart-image blockart-image-53b3484e\"><img loading=\"lazy\" decoding=\"async\" width=\"290\" height=\"174\" class=\"wp-image-1302 hover-effect-static filter-none mask mask-none\" src=\"https:\/\/eliteinvestigacao.com.br\/wp-content\/uploads\/2026\/03\/course3-1.png\" alt=\"\"\/><\/figure>\n\n\n\n<h3 class=\"blockart-heading blockart-heading-82de95e0\">Conjugal<\/h3>\n\n\n\n<p class=\"blockart-paragraph blockart-paragraph-89de8e9c\">Confia no seu c\u00f4njuje? Vamos investigar e saber se ele\/ela est\u00e1 falando a verdade..<\/p>\n<\/div><\/div>\n\n\n\n<div class=\"blockart-column blockart-column-d4a4bcb6\"><div class=\"blockart-column-inner\">\n<figure class=\"blockart-image blockart-image-e64f8e77\"><img loading=\"lazy\" decoding=\"async\" class=\"wp-image-1293 hover-effect-static filter-none mask mask-none\" src=\"https:\/\/eliteinvestigacao.com.br\/wp-content\/uploads\/2026\/03\/course2b.png\" alt=\"\" height=\"174\" width=\"290\"\/><\/figure>\n\n\n\n<h3 class=\"blockart-heading blockart-heading-8adc2600\">Empresarial<\/h3>\n\n\n\n<p class=\"blockart-paragraph blockart-paragraph-c78e73ab\">Desconfiado que est\u00e3o fazendo algo de errado na empresa? Vamos investigar.<\/p>\n<\/div><\/div>\n\n\n\n<div class=\"blockart-column blockart-column-2750644c\"><div class=\"blockart-column-inner\">\n<figure class=\"blockart-image blockart-image-a35a53e4\"><img loading=\"lazy\" decoding=\"async\" width=\"290\" height=\"174\" class=\"wp-image-1298 hover-effect-static filter-none mask mask-none\" src=\"https:\/\/eliteinvestigacao.com.br\/wp-content\/uploads\/2026\/03\/slide2-2-1.jpg\" alt=\"\"\/><\/figure>\n\n\n\n<h3 class=\"blockart-heading blockart-heading-2031de75\">Digital<\/h3>\n\n\n\n<p class=\"blockart-paragraph blockart-paragraph-8e5c5c5f\">Controle e recupera\u00e7\u00e3o com utiliza\u00e7\u00e3o de software<\/p>\n<\/div><\/div>\n\n\n\n<div class=\"blockart-column blockart-column-094dd5bc\"><div class=\"blockart-column-inner\">\n<figure class=\"blockart-image blockart-image-73ad3e15\"><img loading=\"lazy\" decoding=\"async\" width=\"290\" height=\"174\" class=\"wp-image-1304 hover-effect-static filter-none mask mask-none\" src=\"https:\/\/eliteinvestigacao.com.br\/wp-content\/uploads\/2026\/03\/course4-1.png\" alt=\"\"\/><\/figure>\n\n\n\n<h3 class=\"blockart-heading blockart-heading-ae1e7206\">Contra Intelig\u00eancia<\/h3>\n\n\n\n<p class=\"blockart-paragraph blockart-paragraph-ee23469c\">Suspeita que est\u00e1 sendo seguido? Vamos descobrir. <\/p>\n<\/div><\/div>\n<\/div><\/div><\/div>\n\n\n\n<div class=\"blockart-section blockart-section-aa970efe\"><div class=\"blockart-container\"><div class=\"blockart-section-inner\">\n<div class=\"blockart-column blockart-column-57c63d01\"><div class=\"blockart-column-inner\">\n<figure class=\"blockart-image blockart-image-bbe8b125\"><img loading=\"lazy\" decoding=\"async\" class=\"wp-image-401 hover-effect-static filter-none mask mask-none\" src=\"https:\/\/zakrademos.com\/agency-03\/wp-content\/uploads\/sites\/102\/2021\/12\/icon-trust.png\" alt=\"\" height=\"64\" width=\"64\"\/><\/figure>\n\n\n\n<p class=\"blockart-paragraph blockart-paragraph-9f52e275\"><strong>+5k<\/strong><\/p>\n\n\n\n<h2 class=\"blockart-heading blockart-heading-3f25da05\">CLIENTes<\/h2>\n<\/div><\/div>\n\n\n\n<div class=\"blockart-column blockart-column-20051e98\"><div class=\"blockart-column-inner\">\n<figure class=\"blockart-image blockart-image-47c0a3ed\"><img loading=\"lazy\" decoding=\"async\" class=\"wp-image-400 hover-effect-static filter-none mask mask-none\" src=\"https:\/\/zakrademos.com\/agency-03\/wp-content\/uploads\/sites\/102\/2021\/12\/icon-experts.png\" alt=\"\" height=\"64\" width=\"64\"\/><\/figure>\n\n\n\n<p class=\"blockart-paragraph blockart-paragraph-57db1a41\">+<strong><strong>3500<\/strong><\/strong><\/p>\n\n\n\n<h2 class=\"blockart-heading blockart-heading-39cc876a\">casos efetivos<\/h2>\n<\/div><\/div>\n\n\n\n<div class=\"blockart-column blockart-column-8fee0a04\"><div class=\"blockart-column-inner\">\n<figure class=\"blockart-image blockart-image-0193bab7\"><img loading=\"lazy\" decoding=\"async\" class=\"wp-image-399 hover-effect-static filter-none mask mask-none\" src=\"https:\/\/zakrademos.com\/agency-03\/wp-content\/uploads\/sites\/102\/2021\/12\/icon-experience.png\" alt=\"\" height=\"64\" width=\"64\"\/><\/figure>\n\n\n\n<p class=\"blockart-paragraph blockart-paragraph-1e378cec\"><strong><strong>+20<\/strong><\/strong><\/p>\n\n\n\n<h2 class=\"blockart-heading blockart-heading-305457fc\">anos EXPERI\u00eancia<\/h2>\n<\/div><\/div>\n\n\n\n<div class=\"blockart-column blockart-column-41f7798d\"><div class=\"blockart-column-inner\">\n<figure class=\"blockart-image blockart-image-b6e6c89a\"><img loading=\"lazy\" decoding=\"async\" class=\"wp-image-402 hover-effect-static filter-none mask mask-none\" src=\"https:\/\/zakrademos.com\/agency-03\/wp-content\/uploads\/sites\/102\/2021\/12\/client.png\" alt=\"\" height=\"64\" width=\"64\"\/><\/figure>\n\n\n\n<p class=\"blockart-paragraph blockart-paragraph-34a731b4\">8<\/p>\n\n\n\n<h2 class=\"blockart-heading blockart-heading-8a173d89\">membros equipe<\/h2>\n<\/div><\/div>\n<\/div><\/div><\/div>\n\n\n\n<div class=\"blockart-section blockart-section-1cf290e2\"><div class=\"blockart-container\"><div class=\"blockart-section-inner\">\n<div class=\"blockart-column blockart-column-6d8f1d27\"><div class=\"blockart-column-inner\"><\/div><\/div>\n\n\n\n<div class=\"blockart-column blockart-column-b7903d99\"><div class=\"blockart-column-inner\">\n<h2 class=\"blockart-heading blockart-heading-c7b45dbd\">Depoimento Clientes<\/h2>\n\n\n\n<p class=\"blockart-paragraph blockart-paragraph-cc5aa091\">Alguns casos de sucessos que elevaram a <strong>Elite <\/strong><\/p>\n<\/div><\/div>\n\n\n\n<div class=\"blockart-column blockart-column-c70c485b\"><div class=\"blockart-column-inner\"><\/div><\/div>\n<\/div><\/div><\/div>\n\n\n\n<div class=\"blockart-section blockart-section-c3d7ca4d\"><div class=\"blockart-container\"><div class=\"blockart-section-inner\">\n<div class=\"blockart-column blockart-column-bab44034\"><div class=\"blockart-column-inner\">\n<p class=\"blockart-paragraph blockart-paragraph-f7a8f0e2\">Infelizmente descobrimos a infidelidade da parte do meu marido. Servi\u00e7o que foi feito me surpreendeu, confesso que n\u00e3o esperava. Serei muito grata a Elite e toda equipe.<\/p>\n\n\n\n<div class=\"blockart-section blockart-section-b3ef4c6b\"><div class=\"blockart-container\"><div class=\"blockart-section-inner\">\n<div class=\"blockart-column blockart-column-2a0b1297\"><div class=\"blockart-column-inner\"><\/div><\/div>\n\n\n\n<div class=\"blockart-column blockart-column-6153e858\"><div class=\"blockart-column-inner\">\n<h3 class=\"blockart-heading blockart-heading-8b8446b9\">Regina M. R<\/h3>\n\n\n\n<p class=\"blockart-paragraph blockart-paragraph-ac3eba2a\">Cliente<\/p>\n<\/div><\/div>\n<\/div><\/div><\/div>\n<\/div><\/div>\n\n\n\n<div class=\"blockart-column blockart-column-be778f13-6f2a-480d-8c30-3f3d49bc0bd5\"><div class=\"blockart-column-inner\">\n<p class=\"blockart-paragraph blockart-paragraph-8b6c006e-badf-41bc-9107-14b350607408\">Serei eternamente grato a Elite Investiga\u00e7\u00f5es, conseguiu tirar uma d\u00favida que tinha h\u00e1 anos. Recomendo para quem precisar, fiquei muito satisfeito. Atendimento foi r\u00e1pido e seguro.<\/p>\n\n\n\n<div class=\"blockart-section blockart-section-f5597030-6bf9-4bc4-b5c6-bcd3fa9e31f9\"><div class=\"blockart-container\"><div class=\"blockart-section-inner\">\n<div class=\"blockart-column blockart-column-35a5acd0-1bea-4819-9cf5-8c45b3e29f43\"><div class=\"blockart-column-inner\"><\/div><\/div>\n\n\n\n<div class=\"blockart-column blockart-column-fd45ee67-20e5-4147-bc2e-488782fb5cb1\"><div class=\"blockart-column-inner\">\n<h3 class=\"blockart-heading blockart-heading-2bfcee77-ff79-4be3-a866-b99fdfec246c\">Ivan P. L<\/h3>\n\n\n\n<p class=\"blockart-paragraph blockart-paragraph-66a222d7-ce79-4deb-8ad5-423dfa9b4628\">Cliente<\/p>\n<\/div><\/div>\n<\/div><\/div><\/div>\n<\/div><\/div>\n\n\n\n<div class=\"blockart-column blockart-column-90e5f98b\"><div class=\"blockart-column-inner\">\n<p class=\"blockart-paragraph blockart-paragraph-c4ade2e9\">Conseguimos concluir com \u00eaxito o servi\u00e7o contratado, gra\u00e7as a Elite. Recomendo seus servi\u00e7os. Tempo todo foi enviando provas e arquivos em tempo real.<\/p>\n\n\n\n<div class=\"blockart-section blockart-section-3ad7aab0\"><div class=\"blockart-container\"><div class=\"blockart-section-inner\">\n<div class=\"blockart-column blockart-column-4cd47618\"><div class=\"blockart-column-inner\"><\/div><\/div>\n\n\n\n<div class=\"blockart-column blockart-column-c86f4b30\"><div class=\"blockart-column-inner\">\n<h3 class=\"blockart-heading blockart-heading-4723333c\">Julio P. S<\/h3>\n\n\n\n<p class=\"blockart-paragraph blockart-paragraph-b8da539e\">Cliente<\/p>\n<\/div><\/div>\n<\/div><\/div><\/div>\n<\/div><\/div>\n\n\n\n<div class=\"blockart-column blockart-column-dd568125-ca12-4d18-ae79-d8518f845b9c\"><div class=\"blockart-column-inner\">\n<p class=\"blockart-paragraph blockart-paragraph-135db5fe-6f43-427c-8af7-9a53d3c8a7a2\">Participei de uma investiga\u00e7\u00e3o conduzida com rigor t\u00e9cnico e absoluto compromisso com a verdade. Desde a coleta de evid\u00eancias at\u00e9 a an\u00e1lise final de cada etapa.<\/p>\n\n\n\n<div class=\"blockart-section blockart-section-7d05cb56-984e-4329-8114-b8940935a8d4\"><div class=\"blockart-container\"><div class=\"blockart-section-inner\">\n<div class=\"blockart-column blockart-column-038ef242-f8b1-4bab-b7b2-19ced748fd80\"><div class=\"blockart-column-inner\"><\/div><\/div>\n\n\n\n<div class=\"blockart-column blockart-column-5b94fbf6-f4bb-4a27-ac97-8b4159e01a41\"><div class=\"blockart-column-inner\">\n<h3 class=\"blockart-heading blockart-heading-18e5a613-9d7a-4bad-b2f0-e460ddf13604\">Marilda N. M. C<\/h3>\n\n\n\n<p class=\"blockart-paragraph blockart-paragraph-fbd23806-b95f-450f-a216-44a867342773\">Cliente<\/p>\n<\/div><\/div>\n<\/div><\/div><\/div>\n<\/div><\/div>\n<\/div><\/div><\/div>\n\n\n\n<div class=\"blockart-section blockart-section-6cffd591\"><div class=\"blockart-container\"><div class=\"blockart-section-inner\">\n<div class=\"blockart-column blockart-column-263dd468\"><div class=\"blockart-column-inner\">\n<h2 class=\"blockart-heading blockart-heading-0a1747ef\">Ficou alguma d\u00favida?<\/h2>\n\n\n\n<p class=\"blockart-paragraph blockart-paragraph-98be4072\">O pior dos sentimentos \u00e9 a indecis\u00e3o. \u00c9 a sensa\u00e7\u00e3o de\u00a0<em>d\u00favida<\/em>, de incerteza. \u00c9 n\u00e3o saber que rumo tomar, que escolha fazer, que caminho seguir, chame-nos no whatsapp e vamos transformar suas d\u00favidas em certezas!<\/p>\n<\/div><\/div>\n\n\n\n<div class=\"blockart-column blockart-column-edf7c39e\"><div class=\"blockart-column-inner\">\n<div class=\"blockart-buttons blockart-buttons-7ab651bc is-wrap justify-center-sm\">\n<div class=\"blockart-button blockart-button-5c80f038 \"><a class=\"blockart-button-link is-custom is-style-filled\" href=\"https:\/\/api.whatsapp.com\/send\/?phone=5561981623873\" target=\"_blank\" rel=\"noopener\">CONVERSAR WHATSAPP<\/a><\/div>\n<\/div>\n<\/div><\/div>\n<\/div><\/div><\/div>\n\n\n\n<div class=\"blockart-section blockart-section-470ff837\"><div class=\"blockart-container\"><div class=\"blockart-section-inner\"><\/div><\/div><\/div>\n\n\n\n<div class=\"blockart-section blockart-section-b2030222\"><div class=\"blockart-container\"><div class=\"blockart-section-inner\"><\/div><\/div><\/div>\n","protected":false},"excerpt":{"rendered":"","protected":false},"author":1,"featured_media":0,"parent":0,"menu_order":0,"comment_status":"open","ping_status":"open","template":"page-templates\/pagebuilder.php","meta":{"zakra_page_container_layout":"stretched","zakra_page_sidebar_layout":"no_sidebar","zakra_remove_content_margin":true,"zakra_sidebar":"customizer","zakra_transparent_header":"customizer","zakra_logo":0,"zakra_main_header_style":"default","zakra_menu_item_color":"","zakra_menu_item_hover_color":"#000000","zakra_menu_item_active_color":"#23ab70","zakra_menu_active_style":"style-1","zakra_page_header":false,"_crdt_document":"","footnotes":""},"class_list":["post-1079","page","type-page","status-publish","hentry"],"magazineBlocksPostFeaturedMedia":{"thumbnail":false,"medium":false,"medium_large":false,"large":false,"1536x1536":false,"2048x2048":false,"masteriyo_single":false,"masteriyo_thumbnail":false,"masteriyo_medium":false,"woocommerce_thumbnail":false,"woocommerce_single":false,"woocommerce_gallery_thumbnail":false},"magazineBlocksPostAuthor":{"name":"admin","avatar":"https:\/\/secure.gravatar.com\/avatar\/8d4ddbe768ffad3b65f450a05d7418544dc9e3cc6f74b8565a8bba1626d9b168?s=96&d=mm&r=g"},"magazineBlocksPostCommentsNumber":"0","magazineBlocksPostExcerpt":"","magazineBlocksPostCategories":[],"magazineBlocksPostViewCount":0,"magazineBlocksPostReadTime":3,"_links":{"self":[{"href":"https:\/\/eliteinvestigacao.com.br\/index.php?rest_route=\/wp\/v2\/pages\/1079","targetHints":{"allow":["GET"]}}],"collection":[{"href":"https:\/\/eliteinvestigacao.com.br\/index.php?rest_route=\/wp\/v2\/pages"}],"about":[{"href":"https:\/\/eliteinvestigacao.com.br\/index.php?rest_route=\/wp\/v2\/types\/page"}],"author":[{"embeddable":true,"href":"https:\/\/eliteinvestigacao.com.br\/index.php?rest_route=\/wp\/v2\/users\/1"}],"replies":[{"embeddable":true,"href":"https:\/\/eliteinvestigacao.com.br\/index.php?rest_route=%2Fwp%2Fv2%2Fcomments&post=1079"}],"version-history":[{"count":81,"href":"https:\/\/eliteinvestigacao.com.br\/index.php?rest_route=\/wp\/v2\/pages\/1079\/revisions"}],"predecessor-version":[{"id":1344,"href":"https:\/\/eliteinvestigacao.com.br\/index.php?rest_route=\/wp\/v2\/pages\/1079\/revisions\/1344"}],"wp:attachment":[{"href":"https:\/\/eliteinvestigacao.com.br\/index.php?rest_route=%2Fwp%2Fv2%2Fmedia&parent=1079"}],"curies":[{"name":"wp","href":"https:\/\/api.w.org\/{rel}","templated":true}]}}